{"id":4035,"date":"2022-06-06T17:08:51","date_gmt":"2022-06-06T17:08:51","guid":{"rendered":"http:\/\/cliffordbeersccc.org\/sobre-nosotros-2\/"},"modified":"2022-06-06T17:26:20","modified_gmt":"2022-06-06T17:26:20","slug":"sobre-nosotros-2","status":"publish","type":"page","link":"https:\/\/cliffordbeersccc.org\/es\/sobre-nosotros-2\/","title":{"rendered":"SOBRE NOSOTROS"},"content":{"rendered":"","protected":false},"excerpt":{"rendered":"","protected":false},"author":2,"featured_media":0,"parent":0,"menu_order":0,"comment_status":"closed","ping_status":"closed","template":"custom-pages.php","meta":{"_acf_changed":false,"footnotes":""},"class_list":["post-4035","page","type-page","status-publish","hentry"],"acf":[],"yoast_head":"<!-- This site is optimized with the Yoast SEO plugin v23.0 - https:\/\/yoast.com\/wordpress\/plugins\/seo\/ -->\n<title>Acerca de las cervezas Clifford | Clinica de Salud Mental | New Haven CT<\/title>\n<meta name=\"description\" content=\"Clifford Beers ayuda a ni\u00f1os y familias que buscan bienestar mental, f\u00edsico y social. Nuestras cl\u00ednicas y programas est\u00e1n disponibles en el condado de New Haven.\" \/>\n<meta name=\"robots\" content=\"index, follow, max-snippet:-1, max-image-preview:large, max-video-preview:-1\" \/>\n<link rel=\"canonical\" href=\"https:\/\/cliffordbeersccc.org\/es\/sobre-nosotros-2\/\" \/>\n<meta property=\"og:locale\" content=\"es_ES\" \/>\n<meta property=\"og:type\" content=\"article\" \/>\n<meta property=\"og:title\" content=\"Acerca de las cervezas Clifford | Clinica de Salud Mental | New Haven CT\" \/>\n<meta property=\"og:description\" content=\"Clifford Beers ayuda a ni\u00f1os y familias que buscan bienestar mental, f\u00edsico y social. Nuestras cl\u00ednicas y programas est\u00e1n disponibles en el condado de New Haven.\" \/>\n<meta property=\"og:url\" content=\"https:\/\/cliffordbeersccc.org\/es\/sobre-nosotros-2\/\" \/>\n<meta property=\"og:site_name\" content=\"Clifford Beers Community Care Center\" \/>\n<meta property=\"article:modified_time\" content=\"2022-06-06T17:26:20+00:00\" \/>\n<meta name=\"twitter:card\" content=\"summary_large_image\" \/>\n<script type=\"application\/ld+json\" class=\"yoast-schema-graph\">{\"@context\":\"https:\/\/schema.org\",\"@graph\":[{\"@type\":\"WebPage\",\"@id\":\"https:\/\/cliffordbeersccc.org\/es\/sobre-nosotros-2\/\",\"url\":\"https:\/\/cliffordbeersccc.org\/es\/sobre-nosotros-2\/\",\"name\":\"Acerca de las cervezas Clifford | Clinica de Salud Mental | New Haven CT\",\"isPartOf\":{\"@id\":\"https:\/\/cliffordbeersccc.org\/es\/#website\"},\"datePublished\":\"2022-06-06T17:08:51+00:00\",\"dateModified\":\"2022-06-06T17:26:20+00:00\",\"description\":\"Clifford Beers ayuda a ni\u00f1os y familias que buscan bienestar mental, f\u00edsico y social. Nuestras cl\u00ednicas y programas est\u00e1n disponibles en el condado de New Haven.\",\"breadcrumb\":{\"@id\":\"https:\/\/cliffordbeersccc.org\/es\/sobre-nosotros-2\/#breadcrumb\"},\"inLanguage\":\"es\",\"potentialAction\":[{\"@type\":\"ReadAction\",\"target\":[\"https:\/\/cliffordbeersccc.org\/es\/sobre-nosotros-2\/\"]}]},{\"@type\":\"BreadcrumbList\",\"@id\":\"https:\/\/cliffordbeersccc.org\/es\/sobre-nosotros-2\/#breadcrumb\",\"itemListElement\":[{\"@type\":\"ListItem\",\"position\":1,\"name\":\"Home\",\"item\":\"https:\/\/cliffordbeersccc.org\/es\/home-test\/\"},{\"@type\":\"ListItem\",\"position\":2,\"name\":\"SOBRE NOSOTROS\"}]},{\"@type\":\"WebSite\",\"@id\":\"https:\/\/cliffordbeersccc.org\/es\/#website\",\"url\":\"https:\/\/cliffordbeersccc.org\/es\/\",\"name\":\"Clifford Beers Community Care Center\",\"description\":\"A Clifford Beers Community Health Partner\",\"publisher\":{\"@id\":\"https:\/\/cliffordbeersccc.org\/es\/#organization\"},\"potentialAction\":[{\"@type\":\"SearchAction\",\"target\":{\"@type\":\"EntryPoint\",\"urlTemplate\":\"https:\/\/cliffordbeersccc.org\/es\/?s={search_term_string}\"},\"query-input\":\"required name=search_term_string\"}],\"inLanguage\":\"es\"},{\"@type\":\"Organization\",\"@id\":\"https:\/\/cliffordbeersccc.org\/es\/#organization\",\"name\":\"Clifford Beers Community Care Center\",\"url\":\"https:\/\/cliffordbeersccc.org\/es\/\",\"logo\":{\"@type\":\"ImageObject\",\"inLanguage\":\"es\",\"@id\":\"https:\/\/cliffordbeersccc.org\/es\/#\/schema\/logo\/image\/\",\"url\":\"https:\/\/cliffordbeersccc.org\/wp-content\/uploads\/sites\/4\/2023\/09\/cropped-CBCCC_LogoHorizontal.png\",\"contentUrl\":\"https:\/\/cliffordbeersccc.org\/wp-content\/uploads\/sites\/4\/2023\/09\/cropped-CBCCC_LogoHorizontal.png\",\"width\":1063,\"height\":317,\"caption\":\"Clifford Beers Community Care Center\"},\"image\":{\"@id\":\"https:\/\/cliffordbeersccc.org\/es\/#\/schema\/logo\/image\/\"}}]}<\/script>\n<!-- \/ Yoast SEO plugin. -->","yoast_head_json":{"title":"Acerca de las cervezas Clifford | Clinica de Salud Mental | New Haven CT","description":"Clifford Beers ayuda a ni\u00f1os y familias que buscan bienestar mental, f\u00edsico y social. Nuestras cl\u00ednicas y programas est\u00e1n disponibles en el condado de New Haven.","robots":{"index":"index","follow":"follow","max-snippet":"max-snippet:-1","max-image-preview":"max-image-preview:large","max-video-preview":"max-video-preview:-1"},"canonical":"https:\/\/cliffordbeersccc.org\/es\/sobre-nosotros-2\/","og_locale":"es_ES","og_type":"article","og_title":"Acerca de las cervezas Clifford | Clinica de Salud Mental | New Haven CT","og_description":"Clifford Beers ayuda a ni\u00f1os y familias que buscan bienestar mental, f\u00edsico y social. Nuestras cl\u00ednicas y programas est\u00e1n disponibles en el condado de New Haven.","og_url":"https:\/\/cliffordbeersccc.org\/es\/sobre-nosotros-2\/","og_site_name":"Clifford Beers Community Care Center","article_modified_time":"2022-06-06T17:26:20+00:00","twitter_card":"summary_large_image","schema":{"@context":"https:\/\/schema.org","@graph":[{"@type":"WebPage","@id":"https:\/\/cliffordbeersccc.org\/es\/sobre-nosotros-2\/","url":"https:\/\/cliffordbeersccc.org\/es\/sobre-nosotros-2\/","name":"Acerca de las cervezas Clifford | Clinica de Salud Mental | New Haven CT","isPartOf":{"@id":"https:\/\/cliffordbeersccc.org\/es\/#website"},"datePublished":"2022-06-06T17:08:51+00:00","dateModified":"2022-06-06T17:26:20+00:00","description":"Clifford Beers ayuda a ni\u00f1os y familias que buscan bienestar mental, f\u00edsico y social. Nuestras cl\u00ednicas y programas est\u00e1n disponibles en el condado de New Haven.","breadcrumb":{"@id":"https:\/\/cliffordbeersccc.org\/es\/sobre-nosotros-2\/#breadcrumb"},"inLanguage":"es","potentialAction":[{"@type":"ReadAction","target":["https:\/\/cliffordbeersccc.org\/es\/sobre-nosotros-2\/"]}]},{"@type":"BreadcrumbList","@id":"https:\/\/cliffordbeersccc.org\/es\/sobre-nosotros-2\/#breadcrumb","itemListElement":[{"@type":"ListItem","position":1,"name":"Home","item":"https:\/\/cliffordbeersccc.org\/es\/home-test\/"},{"@type":"ListItem","position":2,"name":"SOBRE NOSOTROS"}]},{"@type":"WebSite","@id":"https:\/\/cliffordbeersccc.org\/es\/#website","url":"https:\/\/cliffordbeersccc.org\/es\/","name":"Clifford Beers Community Care Center","description":"A Clifford Beers Community Health Partner","publisher":{"@id":"https:\/\/cliffordbeersccc.org\/es\/#organization"},"potentialAction":[{"@type":"SearchAction","target":{"@type":"EntryPoint","urlTemplate":"https:\/\/cliffordbeersccc.org\/es\/?s={search_term_string}"},"query-input":"required name=search_term_string"}],"inLanguage":"es"},{"@type":"Organization","@id":"https:\/\/cliffordbeersccc.org\/es\/#organization","name":"Clifford Beers Community Care Center","url":"https:\/\/cliffordbeersccc.org\/es\/","logo":{"@type":"ImageObject","inLanguage":"es","@id":"https:\/\/cliffordbeersccc.org\/es\/#\/schema\/logo\/image\/","url":"https:\/\/cliffordbeersccc.org\/wp-content\/uploads\/sites\/4\/2023\/09\/cropped-CBCCC_LogoHorizontal.png","contentUrl":"https:\/\/cliffordbeersccc.org\/wp-content\/uploads\/sites\/4\/2023\/09\/cropped-CBCCC_LogoHorizontal.png","width":1063,"height":317,"caption":"Clifford Beers Community Care Center"},"image":{"@id":"https:\/\/cliffordbeersccc.org\/es\/#\/schema\/logo\/image\/"}}]}},"_links":{"self":[{"href":"https:\/\/cliffordbeersccc.org\/es\/wp-json\/wp\/v2\/pages\/4035","targetHints":{"allow":["GET"]}}],"collection":[{"href":"https:\/\/cliffordbeersccc.org\/es\/wp-json\/wp\/v2\/pages"}],"about":[{"href":"https:\/\/cliffordbeersccc.org\/es\/wp-json\/wp\/v2\/types\/page"}],"author":[{"embeddable":true,"href":"https:\/\/cliffordbeersccc.org\/es\/wp-json\/wp\/v2\/users\/2"}],"replies":[{"embeddable":true,"href":"https:\/\/cliffordbeersccc.org\/es\/wp-json\/wp\/v2\/comments?post=4035"}],"version-history":[{"count":0,"href":"https:\/\/cliffordbeersccc.org\/es\/wp-json\/wp\/v2\/pages\/4035\/revisions"}],"wp:attachment":[{"href":"https:\/\/cliffordbeersccc.org\/es\/wp-json\/wp\/v2\/media?parent=4035"}],"curies":[{"name":"wp","href":"https:\/\/api.w.org\/{rel}","templated":true}]}}